{"id":5,"date":"2023-05-30T13:11:54","date_gmt":"2023-05-30T10:11:54","guid":{"rendered":"https:\/\/defep.usm.md\/?page_id=5"},"modified":"2024-04-08T15:48:19","modified_gmt":"2024-04-08T12:48:19","slug":"mesmerize","status":"publish","type":"page","link":"https:\/\/defep.usm.md\/","title":{"rendered":"Front Page"},"content":{"rendered":"<div data-elementor-type=\"wp-page\" data-elementor-id=\"5\" class=\"elementor elementor-5\">\n\t\t\t\t\t\t<section class=\"elementor-section elementor-top-section elementor-element elementor-element-38ec0b7 elementor-section-boxed elementor-section-height-default elementor-section-height-default\" data-id=\"38ec0b7\" data-element_type=\"section\">\n\t\t\t\t\t\t<div class=\"elementor-container elementor-column-gap-default\">\n\t\t\t\t\t<div class=\"elementor-column elementor-col-100 elementor-top-column elementor-element elementor-element-e5a4735\" data-id=\"e5a4735\" data-element_type=\"column\">\n\t\t\t<div class=\"elementor-widget-wrap elementor-element-populated\">\n\t\t\t\t\t\t<div class=\"elementor-element elementor-element-071c938 elementor-widget elementor-widget-shortcode\" data-id=\"071c938\" data-element_type=\"widget\" data-widget_type=\"shortcode.default\">\n\t\t\t\t<div class=\"elementor-widget-container\">\n\t\t\t\t\t<div class=\"elementor-shortcode\"><style type='text\/css' media='all'>#rt-tpg-container-3224632172 .rt-holder .rt-woo-info .price{color:#203d7a;}body .rt-tpg-container .rt-tpg-isotope-buttons .selected,\n\t\t\t\t\t#rt-tpg-container-3224632172 .layout12 .rt-holder:hover .rt-detail,\n\t\t\t\t\t#rt-tpg-container-3224632172 .isotope8 .rt-holder:hover .rt-detail,\n\t\t\t\t\t#rt-tpg-container-3224632172 .carousel8 .rt-holder:hover .rt-detail,\n\t\t\t\t\t#rt-tpg-container-3224632172 .layout13 .rt-holder .overlay .post-info,\n\t\t\t\t\t#rt-tpg-container-3224632172 .isotope9 .rt-holder .overlay .post-info,\n\t\t\t\t\t#rt-tpg-container-3224632172.rt-tpg-container .layout4 .rt-holder .rt-detail,\n\t\t\t\t\t.rt-modal-3224632172 .md-content,\n\t\t\t\t\t.rt-modal-3224632172 .md-content > .rt-md-content-holder .rt-md-content,\n\t\t\t\t\t.rt-popup-wrap-3224632172.rt-popup-wrap .rt-popup-navigation-wrap,\n\t\t\t\t\t#rt-tpg-container-3224632172 .carousel9 .rt-holder .overlay .post-info{background-color:#203d7a;}#rt-tpg-container-3224632172 .layout5 .rt-holder .overlay, #rt-tpg-container-3224632172 .isotope2 .rt-holder .overlay, #rt-tpg-container-3224632172 .carousel2 .rt-holder .overlay,#rt-tpg-container-3224632172 .layout15 .rt-holder h3, #rt-tpg-container-3224632172 .isotope11 .rt-holder h3, #rt-tpg-container-3224632172 .carousel11 .rt-holder h3, #rt-tpg-container-3224632172 .layout16 .rt-holder h3,\n\t\t\t\t\t#rt-tpg-container-3224632172 .isotope12 .rt-holder h3, #rt-tpg-container-3224632172 .carousel12 .rt-holder h3 {background-color:rgba(32,61,122,0.8);}#rt-tpg-container-3224632172 .read-more a{border-radius:px;}#rt-tpg-container-3224632172 .tpg-widget-heading-wrapper.heading-style1 .tpg-widget-heading, #rt-tpg-container-3224632172 .tpg-widget-heading-wrapper.heading-style1 .tpg-widget-heading a, #rt-tpg-container-3224632172 .tpg-widget-heading-wrapper.heading-style2 .tpg-widget-heading, #rt-tpg-container-3224632172 .tpg-widget-heading-wrapper.heading-style2 .tpg-widget-heading a, #rt-tpg-container-3224632172 .tpg-widget-heading-wrapper.heading-style3 .tpg-widget-heading, #rt-tpg-container-3224632172 .tpg-widget-heading-wrapper.heading-style3 .tpg-widget-heading a  {color:#203d7a;}#rt-tpg-container-3224632172 .tpg-widget-heading-wrapper.heading-style1 .tpg-widget-heading::before  {background-color:#203d7a;}#rt-tpg-container-3224632172 .rt-img-holder img.rt-img-responsive,#rt-tpg-container-3224632172 .rt-img-holder,\n\t\t\t\t\t#rt-tpg-container-3224632172 .rt-post-overlay .post-img,\n\t\t\t\t\t#rt-tpg-container-3224632172 .post-sm .post-img,\n\t\t\t\t\t#rt-tpg-container-3224632172 .rt-post-grid .post-img,\n\t\t\t\t\t#rt-tpg-container-3224632172 .post-img img {border-radius:px;}#rt-tpg-container-3224632172 .layout5 .rt-holder h2.entry-title,\n\t\t\t\t\t#rt-tpg-container-3224632172 .layout5 .rt-holder h3.entry-title,\n\t\t\t\t\t#rt-tpg-container-3224632172 .layout5 .rt-holder h4.entry-title,\n\t\t\t\t\t#rt-tpg-container-3224632172 .layout5 .rt-holder h2.entry-title a,\n\t\t\t\t\t#rt-tpg-container-3224632172 .layout5 .rt-holder h3.entry-title a,\n\t\t\t\t\t#rt-tpg-container-3224632172 .layout5 .rt-holder h4.entry-title a,\n\t\t\t\t\t#rt-tpg-container-3224632172 .rt-holder .rt-woo-info h2 a,\n\t\t\t\t\t#rt-tpg-container-3224632172 .rt-holder .rt-woo-info h3 a,\n\t\t\t\t\t#rt-tpg-container-3224632172 .rt-holder .rt-woo-info h4 a,\n\t\t\t\t\t#rt-tpg-container-3224632172 .post-content .post-title,\n\t\t\t\t\t#rt-tpg-container-3224632172 .rt-post-grid .post-title,\n\t\t\t\t\t#rt-tpg-container-3224632172 .rt-post-grid .post-title a,\n\t\t\t\t\t#rt-tpg-container-3224632172 .post-content .post-title a,\n\t\t\t\t\t#rt-tpg-container-3224632172 .rt-holder .rt-woo-info h2,\n\t\t\t\t\t#rt-tpg-container-3224632172 .rt-holder .rt-woo-info h3,\n\t\t\t\t\t#rt-tpg-container-3224632172 .rt-holder .rt-woo-info h4{font-size:14px;line-height:24px;}#rt-tpg-container-3224632172 .post-grid-lg-style-1 .post-title,\n\t\t\t\t\t\t#rt-tpg-container-3224632172 .post-grid-lg-style-1 .post-title a,\n\t\t\t\t\t\t#rt-tpg-container-3224632172 .big-layout .post-title,\n\t\t\t\t\t\t#rt-tpg-container-3224632172 .big-layout .post-title a,\n\t\t\t\t\t\t#rt-tpg-container-3224632172 .post-grid-lg-style-1 .post-title,\n\t\t\t\t\t\t#rt-tpg-container-3224632172 .post-grid-lg-style-1 .post-title a {font-size:22px;line-height:32px;}<\/style><div class='rt-container-fluid rt-tpg-container tpg-shortcode-main-wrapper ' id='rt-tpg-container-3224632172'   data-layout='layout5' data-grid-style='even' data-desktop-col='3'  data-tab-col='2'  data-mobile-col='1' data-sc-id='139'><div class=\"tpg-widget-heading-wrapper heading-style1 center\"><span class=\"tpg-widget-heading-line line-left\"><\/span><h3 class=\"tpg-widget-heading\">Press-Releases<\/h3><span class=\"tpg-widget-heading-line\"><\/span><\/div><div data-title='Loading ...' class='rt-row rt-content-loader   layout5 tpg-even '><div class=\"rt-col-md-4 rt-col-sm-6 rt-col-xs-12 even-grid-item rt-grid-item\" data-id=\"453\"><div class=\"rt-holder\"><div class=\"overlay\"><h3 class=\"entry-title\"><a data-id=\"453\" class=\"\" href=\"https:\/\/defep.usm.md\/?p=453\">The DEFEP \u2013 Moldova Team participated in the \u201cErasmus+ and STEAM Without Borders\u201d Event<\/a><\/h3><span class='post-meta-user '><span class='date-meta'><i class='flaticon-calendar '><\/i>Wednesday June 11th, 2025<\/span><span class='categories-links'><i class='flaticon-folder '><\/i><a class=\"press-releases\" href=\"https:\/\/defep.usm.md\/?cat=3\" rel=\"tag\">Press-Releases<\/a><\/span><\/span><div class='rt-detail'><div class='tpg-excerpt'>On June 10, 2025, the team of the Erasmus+ DEFEP project \u2013 Developing Digital and...<\/div><\/div><\/div> <a data-id='453' class='' href='https:\/\/defep.usm.md\/?p=453'><img fetchpriority=\"high\" decoding=\"async\" width=\"1288\" height=\"2048\" src=\"https:\/\/defep.usm.md\/wp-content\/uploads\/2025\/08\/2.jpeg\" class=\"rt-img-responsive \" alt=\"\" \/><\/a><\/div><\/div><div class=\"rt-col-md-4 rt-col-sm-6 rt-col-xs-12 even-grid-item rt-grid-item\" data-id=\"459\"><div class=\"rt-holder\"><div class=\"overlay\"><h3 class=\"entry-title\"><a data-id=\"459\" class=\"\" href=\"https:\/\/defep.usm.md\/?p=459\">Empowering USM Faculties through Information Campaign on Distance Learning &#038; Institutional Regulation<\/a><\/h3><span class='post-meta-user '><span class='date-meta'><i class='flaticon-calendar '><\/i>Monday May  5th, 2025<\/span><span class='categories-links'><i class='flaticon-folder '><\/i><a class=\"press-releases\" href=\"https:\/\/defep.usm.md\/?cat=3\" rel=\"tag\">Press-Releases<\/a><\/span><\/span><div class='rt-detail'><div class='tpg-excerpt'>In April 2025, the Senate of Moldova State University (MSU) approved the Institutional Regulation on...<\/div><\/div><\/div> <a data-id='459' class='' href='https:\/\/defep.usm.md\/?p=459'><img decoding=\"async\" width=\"532\" height=\"365\" src=\"https:\/\/defep.usm.md\/wp-content\/uploads\/2025\/04\/anunt-532x365a4ae5.png\" class=\"rt-img-responsive \" alt=\"\" \/><\/a><\/div><\/div><div class=\"rt-col-md-4 rt-col-sm-6 rt-col-xs-12 even-grid-item rt-grid-item\" data-id=\"450\"><div class=\"rt-holder\"><div class=\"overlay\"><h3 class=\"entry-title\"><a data-id=\"450\" class=\"\" href=\"https:\/\/defep.usm.md\/?p=450\"><\/a><\/h3><span class='post-meta-user '><span class='date-meta'><i class='flaticon-calendar '><\/i>Friday April  4th, 2025<\/span><span class='categories-links'><i class='flaticon-folder '><\/i><a class=\"press-releases\" href=\"https:\/\/defep.usm.md\/?cat=3\" rel=\"tag\">Press-Releases<\/a><\/span><\/span><div class='rt-detail'><div class='tpg-excerpt'>At the end of March 2025, the Government of the Republic of Moldova approved, for...<\/div><\/div><\/div> <a data-id='450' class='' href='https:\/\/defep.usm.md\/?p=450'><img decoding=\"async\" width=\"532\" height=\"365\" src=\"https:\/\/defep.usm.md\/wp-content\/uploads\/2025\/04\/anunt-532x365a4ae5.png\" class=\"rt-img-responsive \" alt=\"\" \/><\/a><\/div><\/div><div class=\"rt-col-md-4 rt-col-sm-6 rt-col-xs-12 even-grid-item rt-grid-item\" data-id=\"438\"><div class=\"rt-holder\"><div class=\"overlay\"><h3 class=\"entry-title\"><a data-id=\"438\" class=\"\" href=\"https:\/\/defep.usm.md\/?p=438\">Consortium meeting of the Erasmus+ DEFEP Project<\/a><\/h3><span class='post-meta-user '><span class='date-meta'><i class='flaticon-calendar '><\/i>Friday March 29th, 2024<\/span><span class='categories-links'><i class='flaticon-folder '><\/i><a class=\"press-releases\" href=\"https:\/\/defep.usm.md\/?cat=3\" rel=\"tag\">Press-Releases<\/a><\/span><\/span><div class='rt-detail'><div class='tpg-excerpt'>On March 28th, the DEFEP project team of the Moldova State University organized the meeting...<\/div><\/div><\/div> <a data-id='438' class='' href='https:\/\/defep.usm.md\/?p=438'><img decoding=\"async\" width=\"2560\" height=\"1440\" src=\"https:\/\/defep.usm.md\/wp-content\/uploads\/2024\/03\/2-3.png\" class=\"rt-img-responsive \" alt=\"\" \/><\/a><\/div><\/div><div class=\"rt-col-md-4 rt-col-sm-6 rt-col-xs-12 even-grid-item rt-grid-item\" data-id=\"432\"><div class=\"rt-holder\"><div class=\"overlay\"><h3 class=\"entry-title\"><a data-id=\"432\" class=\"\" href=\"https:\/\/defep.usm.md\/?p=432\">Universitatea de Stat din Moldova \u00ee\u0219i diversific\u0103 oferta educa\u021bional\u0103<\/a><\/h3><span class='post-meta-user '><span class='date-meta'><i class='flaticon-calendar '><\/i>Wednesday December 20th, 2023<\/span><span class='categories-links'><i class='flaticon-folder '><\/i><a class=\"press-releases\" href=\"https:\/\/defep.usm.md\/?cat=3\" rel=\"tag\">Press-Releases<\/a><\/span><\/span><div class='rt-detail'><div class='tpg-excerpt'>Reprezentan\u021bii USM particip\u0103, \u00een aceast\u0103 s\u0103pt\u0103m\u00e2n\u0103, la un stagiu de instruire organizat la Universitatea Rey...<\/div><\/div><\/div> <a data-id='432' class='' href='https:\/\/defep.usm.md\/?p=432'><img loading=\"lazy\" decoding=\"async\" width=\"1024\" height=\"768\" src=\"https:\/\/defep.usm.md\/wp-content\/uploads\/2023\/12\/2.jpg\" class=\"rt-img-responsive \" alt=\"\" \/><\/a><\/div><\/div><div class=\"rt-col-md-4 rt-col-sm-6 rt-col-xs-12 even-grid-item rt-grid-item\" data-id=\"431\"><div class=\"rt-holder\"><div class=\"overlay\"><h3 class=\"entry-title\"><a data-id=\"431\" class=\"\" href=\"https:\/\/defep.usm.md\/?p=431\">Redefinirea \u00eenv\u0103\u021b\u0103m\u00e2ntului la distan\u021b\u0103 \u2013 scopul vizitei de lucru a reprezentan\u021bilor USM la Universitatea din Palermo, Italia<\/a><\/h3><span class='post-meta-user '><span class='date-meta'><i class='flaticon-calendar '><\/i>Wednesday December 20th, 2023<\/span><span class='categories-links'><i class='flaticon-folder '><\/i><a class=\"press-releases\" href=\"https:\/\/defep.usm.md\/?cat=3\" rel=\"tag\">Press-Releases<\/a><\/span><\/span><div class='rt-detail'><div class='tpg-excerpt'>\u00cen perioada 09-14 octombrie 2023, o echip\u0103 a Universit\u0103\u021bii de Stat din Moldova \u00eentreprinde o...<\/div><\/div><\/div> <a data-id='431' class='' href='https:\/\/defep.usm.md\/?p=431'><img loading=\"lazy\" decoding=\"async\" width=\"1024\" height=\"768\" src=\"https:\/\/defep.usm.md\/wp-content\/uploads\/2023\/12\/1-912.jpg\" class=\"rt-img-responsive \" alt=\"\" \/><\/a><\/div><\/div><\/div><div class='rt-pagination-wrap' data-total-pages='2' data-posts-per-page='6' data-type='pagination'  ><div class=\"rt-pagination\" ><ul class=\"pagination-list\"><li class=\"active\"><span>1<\/span><\/li><li><a data-paged='2' href='https:\/\/defep.usm.md\/index.php?rest_route=%2Fwp%2Fv2%2Fpages%2F5&#038;paged=2'>2<\/a><\/li><\/ul><\/div><\/div><\/div><\/div>\n\t\t\t\t<\/div>\n\t\t\t\t<\/div>\n\t\t\t\t\t<\/div>\n\t\t<\/div>\n\t\t\t\t\t<\/div>\n\t\t<\/section>\n\t\t\t\t<section class=\"elementor-section elementor-top-section elementor-element elementor-element-c4ef3a2 elementor-section-boxed elementor-section-height-default elementor-section-height-default\" data-id=\"c4ef3a2\" data-element_type=\"section\">\n\t\t\t\t\t\t<div class=\"elementor-container elementor-column-gap-default\">\n\t\t\t\t\t<div class=\"elementor-column elementor-col-100 elementor-top-column elementor-element elementor-element-89997c2\" data-id=\"89997c2\" data-element_type=\"column\">\n\t\t\t<div class=\"elementor-widget-wrap elementor-element-populated\">\n\t\t\t\t\t\t<div class=\"elementor-element elementor-element-5e0cace elementor-widget elementor-widget-heading\" data-id=\"5e0cace\" data-element_type=\"widget\" data-widget_type=\"heading.default\">\n\t\t\t\t<div class=\"elementor-widget-container\">\n\t\t\t<style>\/*! elementor - v3.21.0 - 26-05-2024 *\/\n.elementor-heading-title{padding:0;margin:0;line-height:1}.elementor-widget-heading .elementor-heading-title[class*=elementor-size-]>a{color:inherit;font-size:inherit;line-height:inherit}.elementor-widget-heading .elementor-heading-title.elementor-size-small{font-size:15px}.elementor-widget-heading .elementor-heading-title.elementor-size-medium{font-size:19px}.elementor-widget-heading .elementor-heading-title.elementor-size-large{font-size:29px}.elementor-widget-heading .elementor-heading-title.elementor-size-xl{font-size:39px}.elementor-widget-heading .elementor-heading-title.elementor-size-xxl{font-size:59px}<\/style><h2 class=\"elementor-heading-title elementor-size-default\">ABOUT DEFEP<\/h2>\t\t<\/div>\n\t\t\t\t<\/div>\n\t\t\t\t<div class=\"elementor-element elementor-element-d8583bc elementor-widget elementor-widget-heading\" data-id=\"d8583bc\" data-element_type=\"widget\" data-widget_type=\"heading.default\">\n\t\t\t\t<div class=\"elementor-widget-container\">\n\t\t\t<p class=\"elementor-heading-title elementor-size-default\"><p style=\"text-indent: 20px; line-height: 35px; color: #003D7A;\">The DEFEP Project aims to implement a sustainable and effective system of distance education as a separate and independent form of education in the activities of the Eastern Partnership countries. A well-designed system of the distance education in the higher education institutions (HEIs) will address many important issues related to future challenges that arise in education under the behavioral, personal, ideological changes of generations and technological transformations of the labor market. At the same time, the system of the distance education in HEIs creates all the necessary conditions for the implementation of the principle of barrier-free education and creates a safe learning environment in today's realities. The existing system of the distance education in Ukrainian and Moldovan HEIs will be improved and comprehensively reorganized taking into account the experience of European partners universities. The Project is focused on the creation of institutional departments in HEIs, the development of distance teaching methods and teaching materials, and training of teaching staff. In the complex, it will contribute to the systematic design of the distance education, as a separate independent branch of education, which will develop the professional competencies and soft skills of students, by the needs of the labor market.<\/p><\/p>\t\t<\/div>\n\t\t\t\t<\/div>\n\t\t\t\t\t<\/div>\n\t\t<\/div>\n\t\t\t\t\t<\/div>\n\t\t<\/section>\n\t\t\t\t<\/div>","protected":false},"excerpt":{"rendered":"","protected":false},"author":1,"featured_media":0,"parent":0,"menu_order":0,"comment_status":"closed","ping_status":"closed","template":"page-templates\/homepage.php","meta":{"footnotes":""},"class_list":["post-5","page","type-page","status-publish","hentry"],"rttpg_featured_image_url":null,"rttpg_author":{"display_name":"d3f1Cent0","author_link":"https:\/\/defep.usm.md\/?author=1"},"rttpg_comment":0,"rttpg_category":"","rttpg_excerpt":null,"_links":{"self":[{"href":"https:\/\/defep.usm.md\/index.php?rest_route=\/wp\/v2\/pages\/5","targetHints":{"allow":["GET"]}}],"collection":[{"href":"https:\/\/defep.usm.md\/index.php?rest_route=\/wp\/v2\/pages"}],"about":[{"href":"https:\/\/defep.usm.md\/index.php?rest_route=\/wp\/v2\/types\/page"}],"author":[{"embeddable":true,"href":"https:\/\/defep.usm.md\/index.php?rest_route=\/wp\/v2\/users\/1"}],"replies":[{"embeddable":true,"href":"https:\/\/defep.usm.md\/index.php?rest_route=%2Fwp%2Fv2%2Fcomments&post=5"}],"version-history":[{"count":43,"href":"https:\/\/defep.usm.md\/index.php?rest_route=\/wp\/v2\/pages\/5\/revisions"}],"predecessor-version":[{"id":422,"href":"https:\/\/defep.usm.md\/index.php?rest_route=\/wp\/v2\/pages\/5\/revisions\/422"}],"wp:attachment":[{"href":"https:\/\/defep.usm.md\/index.php?rest_route=%2Fwp%2Fv2%2Fmedia&parent=5"}],"curies":[{"name":"wp","href":"https:\/\/api.w.org\/{rel}","templated":true}]}}